{"id":3743,"date":"2019-02-19T18:12:46","date_gmt":"2019-02-19T17:12:46","guid":{"rendered":"https:\/\/www.rahlfs.eu\/?page_id=3743"},"modified":"2019-02-22T15:07:59","modified_gmt":"2019-02-22T14:07:59","slug":"impressum-de","status":"publish","type":"page","link":"https:\/\/www.rahlfs.eu\/en\/impressum-de\/","title":{"rendered":"Site Notice"},"content":{"rendered":"\n<style type=\"text\/css\" data-created_by=\"avia_inline_auto\" id=\"style-css-av-jhbkcodm-da043f607c61eb469f69fa9e2cba5fd6\">\n.avia-section.av-jhbkcodm-da043f607c61eb469f69fa9e2cba5fd6{\nbackground-repeat:no-repeat;\nbackground-image:url(https:\/\/www.rahlfs.eu\/wp-content\/uploads\/2018\/05\/rahlfs-titelbild-18-05.jpg);\nbackground-position:50% 0%;\nbackground-attachment:fixed;\n}\n<\/style>\n<div id='av_section_1'  class='avia-section av-jhbkcodm-da043f607c61eb469f69fa9e2cba5fd6 main_color avia-section-default avia-no-border-styling  avia-builder-el-0  el_before_av_section  avia-builder-el-first  av-small-hide av-mini-hide avia-full-stretch avia-bg-style-fixed av-minimum-height av-minimum-height-25 av-height-25  container_wrap fullsize'  data-section-bg-repeat='stretch' data-av_minimum_height_pc='25' data-av_min_height_opt='25'><div class='container av-section-cont-open' ><main  role=\"main\" itemprop=\"mainContentOfPage\"  class='template-page content  av-content-full alpha units'><div class='post-entry post-entry-type-page post-entry-3743'><div class='entry-content-wrapper clearfix'>\n<\/div><\/div><\/main><!-- close content main element --><\/div><\/div>\n<style type=\"text\/css\" data-created_by=\"avia_inline_auto\" id=\"style-css-av-jhbm8om1-7a313fe366d1ffc1296511c0a63ab463\">\n.avia-section.av-jhbm8om1-7a313fe366d1ffc1296511c0a63ab463{\nbackground-color:#007ec3;\nbackground-image:unset;\n}\n<\/style>\n<div id='av_section_2'  class='avia-section av-jhbm8om1-7a313fe366d1ffc1296511c0a63ab463 main_color avia-section-default avia-no-border-styling  avia-builder-el-1  el_after_av_section  el_before_av_section  avia-bg-style-scroll container_wrap fullsize'  ><div class='container av-section-cont-open' ><div class='template-page content  av-content-full alpha units'><div class='post-entry post-entry-type-page post-entry-3743'><div class='entry-content-wrapper clearfix'>\n\n<style type=\"text\/css\" data-created_by=\"avia_inline_auto\" id=\"style-css-av-jsc11f9h-4b76de34260e916fd41a9a3896d23918\">\n#top .av-special-heading.av-jsc11f9h-4b76de34260e916fd41a9a3896d23918{\npadding-bottom:10px;\ncolor:#ffffff;\n}\nbody .av-special-heading.av-jsc11f9h-4b76de34260e916fd41a9a3896d23918 .av-special-heading-tag .heading-char{\nfont-size:25px;\n}\n.av-special-heading.av-jsc11f9h-4b76de34260e916fd41a9a3896d23918 .special-heading-inner-border{\nborder-color:#ffffff;\n}\n.av-special-heading.av-jsc11f9h-4b76de34260e916fd41a9a3896d23918 .av-subheading{\nfont-size:22px;\n}\n<\/style>\n<div  class='av-special-heading av-jsc11f9h-4b76de34260e916fd41a9a3896d23918 av-special-heading-h2 custom-color-heading blockquote modern-quote modern-centered  avia-builder-el-2  avia-builder-el-no-sibling '><h2 class='av-special-heading-tag '  itemprop=\"headline\"  >Site Notice<\/h2><div class=\"special-heading-border\"><div class=\"special-heading-inner-border\"><\/div><\/div><\/div>\n\n<\/div><\/div><\/div><!-- close content main div --><\/div><\/div><div id='av_section_3'  class='avia-section av-qvqo-16e690f26adad7f74c53ba91e0950c87 main_color avia-section-default avia-no-border-styling  avia-builder-el-3  el_after_av_section  avia-builder-el-last  avia-bg-style-scroll container_wrap fullsize'  ><div class='container av-section-cont-open' ><div class='template-page content  av-content-full alpha units'><div class='post-entry post-entry-type-page post-entry-3743'><div class='entry-content-wrapper clearfix'>\n\n<style type=\"text\/css\" data-created_by=\"avia_inline_auto\" id=\"style-css-av-jhbm0rn7-7391af6fe1573b7ba9a8141a52767b75\">\n#top .hr.hr-invisible.av-jhbm0rn7-7391af6fe1573b7ba9a8141a52767b75{\nheight:100px;\n}\n<\/style>\n<div  class='hr av-jhbm0rn7-7391af6fe1573b7ba9a8141a52767b75 hr-invisible  avia-builder-el-4  el_before_av_three_fifth  avia-builder-el-first  av-small-hide av-mini-hide'><span class='hr-inner '><span class=\"hr-inner-style\"><\/span><\/span><\/div>\n\n<style type=\"text\/css\" data-created_by=\"avia_inline_auto\" id=\"style-css-av-om42-a4969d6f42657661f90a69954a6fc727\">\n.flex_column.av-om42-a4969d6f42657661f90a69954a6fc727{\nborder-radius:0px 0px 0px 0px;\npadding:0px 0px 0px 0px;\n}\n<\/style>\n<div  class='flex_column av-om42-a4969d6f42657661f90a69954a6fc727 av_three_fifth  avia-builder-el-5  el_after_av_hr  avia-builder-el-last  first flex_column_div av-zero-column-padding  '     ><section  class='av_textblock_section av-jhbq273q-18b5599bbafbbe1370bec12f0475d9ea '   itemscope=\"itemscope\" itemtype=\"https:\/\/schema.org\/CreativeWork\" ><div class='avia_textblock'  itemprop=\"text\" ><h2>Information provided according to Sec. 5 German Telemedia Act (TMG):<\/h2>\n<p>Rahlfs Immobilien GmbH<br \/>\nLindenstra\u00dfe 30<br \/>\n31535 Neustadt<\/p>\n<h2>Represented by:<\/h2>\n<p>Rahlfs Immobilien GmbH, vertretungsberechtigte Gesch\u00e4ftsf\u00fchrer: Dipl.-Ing. Dirk Wilhelm Rahlfs, Dipl.-Ing. G\u00fcnter Rahlfs<\/p>\n<h2>Contact:<\/h2>\n<p>Telephone: <a href=\"tel:+49503298200\">+49 5032 9820 0<\/a><br \/>\nTelefax: +49 5032 9820 11<br \/>\nEmail: <a href=\"mailto:info@rahlfs.eu\">info@rahlfs.eu<\/a><\/p>\n<h2>Register entry:<\/h2>\n<p>Entry in the Handelsregister.<br \/>\nRegistering court:Amtsgericht Hannover<br \/>\nRegistration number: HRB 110968<\/p>\n<h2>VAT:<\/h2>\n<p>VAT Id number according to Sec. 27 a German Value Added Tax Act:<br \/>\nDE218837462<\/p>\n<h2>Dispute resolution<\/h2>\n<p>The European Commission provides a platform for online dispute resolution (OS): <a href=\"https:\/\/ec.europa.eu\/consumers\/odr\" target=\"_blank\" rel=\"noopener\">https:\/\/ec.europa.eu\/consumers\/odr<\/a>.<br \/>\nPlease find our email in the impressum\/legal notice.<\/p>\n<p>We do not take part in online dispute resolutions at consumer arbitration boards.<\/p>\n<h3>Liability for Contents<\/h3>\n<p>As service providers, we are liable for own contents of these websites according to Sec. 7, paragraph 1 German Telemedia Act (TMG). However, according to Sec. 8 to 10 German Telemedia Act (TMG), service providers are not obligated to permanently monitor submitted or stored information or to search for evidences that indicate illegal activities.<\/p>\n<p>Legal obligations to removing information or to blocking the use of information remain unchallenged. In this case, liability is only possible at the time of knowledge about a specific violation of law. Illegal contents will be removed immediately at the time we get knowledge of them.<\/p>\n<h3>Liability for Links<\/h3>\n<p>Our offer includes links to external third party websites. We have no influence on the contents of those websites, therefore we cannot guarantee for those contents. Providers or administrators of linked websites are always responsible for their own contents.<\/p>\n<p>The linked websites had been checked for possible violations of law at the time of the establishment of the link. Illegal contents were not detected at the time of the linking. A permanent monitoring of the contents of linked websites cannot be imposed without reasonable indications that there has been a violation of law. Illegal links will be removed immediately at the time we get knowledge of them.<\/p>\n<h3>Copyright<\/h3>\n<p>Contents and compilations published on these websites by the providers are subject to German copyright laws. Reproduction, editing, distribution as well as the use of any kind outside the scope of the copyright law require a written permission of the author or originator. Downloads and copies of these websites are permitted for private use only.<br \/>\nThe commercial use of our contents without permission of the originator is prohibited.<\/p>\n<p>Copyright laws of third parties are respected as long as the contents on these websites do not originate from the provider. Contributions of third parties on this site are indicated as such. However, if you notice any violations of copyright law, please inform us. Such contents will be removed immediately.<\/p>\n<\/div><\/section><\/div>\n","protected":false},"excerpt":{"rendered":"","protected":false},"author":1,"featured_media":0,"parent":0,"menu_order":0,"comment_status":"closed","ping_status":"closed","template":"","meta":{"footnotes":""},"class_list":["post-3743","page","type-page","status-publish","hentry"],"_links":{"self":[{"href":"https:\/\/www.rahlfs.eu\/en\/wp-json\/wp\/v2\/pages\/3743","targetHints":{"allow":["GET"]}}],"collection":[{"href":"https:\/\/www.rahlfs.eu\/en\/wp-json\/wp\/v2\/pages"}],"about":[{"href":"https:\/\/www.rahlfs.eu\/en\/wp-json\/wp\/v2\/types\/page"}],"author":[{"embeddable":true,"href":"https:\/\/www.rahlfs.eu\/en\/wp-json\/wp\/v2\/users\/1"}],"replies":[{"embeddable":true,"href":"https:\/\/www.rahlfs.eu\/en\/wp-json\/wp\/v2\/comments?post=3743"}],"version-history":[{"count":6,"href":"https:\/\/www.rahlfs.eu\/en\/wp-json\/wp\/v2\/pages\/3743\/revisions"}],"predecessor-version":[{"id":4027,"href":"https:\/\/www.rahlfs.eu\/en\/wp-json\/wp\/v2\/pages\/3743\/revisions\/4027"}],"wp:attachment":[{"href":"https:\/\/www.rahlfs.eu\/en\/wp-json\/wp\/v2\/media?parent=3743"}],"curies":[{"name":"wp","href":"https:\/\/api.w.org\/{rel}","templated":true}]}}