{"id":4200,"date":"2019-03-11T16:33:55","date_gmt":"2019-03-11T15:33:55","guid":{"rendered":"https:\/\/www.rahlfs.eu\/?page_id=4200"},"modified":"2019-03-11T16:33:55","modified_gmt":"2019-03-11T15:33:55","slug":"medical-centre-wolfsburg","status":"publish","type":"page","link":"https:\/\/www.rahlfs.eu\/en\/medical-centre-wolfsburg\/","title":{"rendered":"Medical centre Wolfsburg"},"content":{"rendered":"\n<style type=\"text\/css\" data-created_by=\"avia_inline_auto\" id=\"style-css-av-jj5p534s-58f79d0b4e999f857d3fb3d0afbe3e43\">\n.avia-section.av-jj5p534s-58f79d0b4e999f857d3fb3d0afbe3e43{\nbackground-color:#007ec0;\nbackground-image:unset;\n}\n<\/style>\n<div id='av_section_1'  class='avia-section av-jj5p534s-58f79d0b4e999f857d3fb3d0afbe3e43 main_color avia-section-default avia-no-border-styling  avia-builder-el-0  el_before_av_section  avia-builder-el-first  avia-bg-style-scroll container_wrap fullsize'  ><div class='container av-section-cont-open' ><main  role=\"main\" itemprop=\"mainContentOfPage\"  class='template-page content  av-content-full alpha units'><div class='post-entry post-entry-type-page post-entry-4200'><div class='entry-content-wrapper clearfix'>\n<\/div><\/div><\/main><!-- close content main element --><\/div><\/div><div id='av_section_2'  class='avia-section av-jj5pllr1-b043d52ba240c3f8e4c670a336420c47 main_color avia-section-default avia-shadow  avia-builder-el-1  el_after_av_section  el_before_av_section  avia-bg-style-scroll container_wrap fullsize'  ><div class='container av-section-cont-open' ><div class='template-page content  av-content-full alpha units'><div class='post-entry post-entry-type-page post-entry-4200'><div class='entry-content-wrapper clearfix'>\n\n<style type=\"text\/css\" data-created_by=\"avia_inline_auto\" id=\"style-css-av-2f1ewh-4caab0e665992db5df70b7d5677942b3\">\n.flex_column.av-2f1ewh-4caab0e665992db5df70b7d5677942b3{\nborder-radius:0px 0px 0px 0px;\npadding:0px 0px 0px 0px;\n}\n<\/style>\n<div  class='flex_column av-2f1ewh-4caab0e665992db5df70b7d5677942b3 av_one_half  avia-builder-el-2  el_before_av_one_half  avia-builder-el-first  first flex_column_div av-zero-column-padding  '     ><style type=\"text\/css\" data-created_by=\"avia_inline_auto\" id=\"style-css-av-jj5pkw0i-542387cb000d22f8ace3094cc2a98805\">\n#top .avia-gallery.av-jj5pkw0i-542387cb000d22f8ace3094cc2a98805 .avia-gallery-thumb a{\nwidth:20%;\n}\n<\/style>\n<div  class='avia-gallery av-jj5pkw0i-542387cb000d22f8ace3094cc2a98805 avia_animate_when_visible  avia-builder-el-3  avia-builder-el-no-sibling  avia_lazyload av-slideshow-ui av-loop-manual-endless av-control-hidden av-navigate-arrows av-navigate-dots hover-effect av-control-hidden avia-gallery-animate avia-gallery-1'  itemprop=\"image\" itemscope=\"itemscope\" itemtype=\"https:\/\/schema.org\/ImageObject\" ><meta itemprop=\"contentURL\" content=\"https:\/\/www.rahlfs.eu\/en\/medical-centre-wolfsburg\/\"><div class='avia-gallery-big-wrapper'><a class='avia-gallery-big fakeLightbox lightbox avia-gallery-big-crop-thumb ' href=\"https:\/\/www.rahlfs.eu\/wp-content\/uploads\/2019\/03\/ambulanzzentrum-wolfsburg-01.jpg\"  data-onclick='1' title='Medical centre Wolfsburg innerview' ><span class='avia-gallery-big-inner'  itemprop=\"thumbnailUrl\" ><img fetchpriority=\"high\" class=\"wp-image-4189 avia-img-lazy-loading-not-4189\"  width='495' height='400' src='https:\/\/www.rahlfs.eu\/wp-content\/uploads\/2019\/03\/ambulanzzentrum-wolfsburg-01-495x400.jpg' title='Medical centre Wolfsburg innerview' alt='Medical centre Wolfsburg innerview' \/><span class='avia-gallery-caption'>Medical centre Wolfsburg innerview<\/span><\/span><\/a><\/div><div class='avia-gallery-thumb'><a href=\"https:\/\/www.rahlfs.eu\/wp-content\/uploads\/2019\/03\/ambulanzzentrum-wolfsburg-01.jpg\" data-rel='gallery-1' data-prev-img='https:\/\/www.rahlfs.eu\/wp-content\/uploads\/2019\/03\/ambulanzzentrum-wolfsburg-01-495x400.jpg' class='first_thumb lightbox ' data-onclick='1' title='Medical centre Wolfsburg innerview'  itemprop=\"thumbnailUrl\"  ><img fetchpriority=\"high\" class=\"wp-image-4189 avia-img-lazy-loading-not-4189\"  data-avia-tooltip='Medical centre Wolfsburg innerview' src='https:\/\/www.rahlfs.eu\/wp-content\/uploads\/2019\/03\/ambulanzzentrum-wolfsburg-01-495x400.jpg' width='495' height='400'  title='Medical centre Wolfsburg innerview' alt='Medical centre Wolfsburg innerview' \/><div class='big-prev-fake'><img loading=\"lazy\" class=\"wp-image-4189 avia-img-lazy-loading-4189\"  width='495' height='400' src='https:\/\/www.rahlfs.eu\/wp-content\/uploads\/2019\/03\/ambulanzzentrum-wolfsburg-01-495x400.jpg' title='Medical centre Wolfsburg innerview' alt='Medical centre Wolfsburg innerview' \/><\/div><\/a><a href=\"https:\/\/www.rahlfs.eu\/wp-content\/uploads\/2019\/03\/ambulanzzentrum-wolfsburg-04.jpg\" data-rel='gallery-1' data-prev-img='https:\/\/www.rahlfs.eu\/wp-content\/uploads\/2019\/03\/ambulanzzentrum-wolfsburg-04-495x400.jpg' class='lightbox ' data-onclick='2' title='Medical centre Wolfsburg innerview'  itemprop=\"thumbnailUrl\"  ><img fetchpriority=\"high\" class=\"wp-image-4195 avia-img-lazy-loading-not-4195\"  data-avia-tooltip='Medical centre Wolfsburg innerview' src='https:\/\/www.rahlfs.eu\/wp-content\/uploads\/2019\/03\/ambulanzzentrum-wolfsburg-04-495x400.jpg' width='495' height='400'  title='Medical centre Wolfsburg innerview' alt='Medical centre Wolfsburg innerview' \/><div class='big-prev-fake'><img loading=\"lazy\" class=\"wp-image-4195 avia-img-lazy-loading-4195\"  width='495' height='400' src='https:\/\/www.rahlfs.eu\/wp-content\/uploads\/2019\/03\/ambulanzzentrum-wolfsburg-04-495x400.jpg' title='Medical centre Wolfsburg innerview' alt='Medical centre Wolfsburg innerview' \/><\/div><\/a><a href=\"https:\/\/www.rahlfs.eu\/wp-content\/uploads\/2019\/03\/ambulanzzentrum-wolfsburg-02.jpg\" data-rel='gallery-1' data-prev-img='https:\/\/www.rahlfs.eu\/wp-content\/uploads\/2019\/03\/ambulanzzentrum-wolfsburg-02-495x400.jpg' class='lightbox ' data-onclick='3' title='Medical centre Wolfsburg innerview'  itemprop=\"thumbnailUrl\"  ><img fetchpriority=\"high\" class=\"wp-image-4191 avia-img-lazy-loading-not-4191\"  data-avia-tooltip='Medical centre Wolfsburg innerview' src='https:\/\/www.rahlfs.eu\/wp-content\/uploads\/2019\/03\/ambulanzzentrum-wolfsburg-02-495x400.jpg' width='495' height='400'  title='Medical centre Wolfsburg streetview' alt='Medical centre Wolfsburg innerview' \/><div class='big-prev-fake'><img loading=\"lazy\" class=\"wp-image-4191 avia-img-lazy-loading-4191\"  width='495' height='400' src='https:\/\/www.rahlfs.eu\/wp-content\/uploads\/2019\/03\/ambulanzzentrum-wolfsburg-02-495x400.jpg' title='Medical centre Wolfsburg streetview' alt='Medical centre Wolfsburg innerview' \/><\/div><\/a><\/div><\/div><\/div>\n<style type=\"text\/css\" data-created_by=\"avia_inline_auto\" id=\"style-css-av-2ad5sx-7a411e9304857f553181b9a47c315106\">\n.flex_column.av-2ad5sx-7a411e9304857f553181b9a47c315106{\nborder-radius:0px 0px 0px 0px;\npadding:0px 0px 0px 0px;\n}\n<\/style>\n<div  class='flex_column av-2ad5sx-7a411e9304857f553181b9a47c315106 av_one_half  avia-builder-el-4  el_after_av_one_half  avia-builder-el-last  flex_column_div av-zero-column-padding  '     ><p>\n<style type=\"text\/css\" data-created_by=\"avia_inline_auto\" id=\"style-css-av-20ntwb-22a72ec626948a585925cc6607b039da\">\n#top .av-special-heading.av-20ntwb-22a72ec626948a585925cc6607b039da{\npadding-bottom:10px;\n}\nbody .av-special-heading.av-20ntwb-22a72ec626948a585925cc6607b039da .av-special-heading-tag .heading-char{\nfont-size:25px;\n}\n.av-special-heading.av-20ntwb-22a72ec626948a585925cc6607b039da .av-subheading{\nfont-size:15px;\n}\n<\/style>\n<div  class='av-special-heading av-20ntwb-22a72ec626948a585925cc6607b039da av-special-heading-h1 blockquote modern-quote  avia-builder-el-5  el_before_av_iconlist  avia-builder-el-first '><h1 class='av-special-heading-tag '  itemprop=\"headline\"  >Medical centre Wolfsburg<\/h1><div class=\"special-heading-border\"><div class=\"special-heading-inner-border\"><\/div><\/div><\/div><br \/>\n<div  class='avia-icon-list-container av-jj5pciyf-4c69b5d44d77ecbc4de374ae08bfbc64  avia-builder-el-6  el_after_av_heading  el_before_av_textblock '><ul class='avia-icon-list avia_animate_when_almost_visible avia-icon-list-left av-iconlist-small av-jj5pciyf-4c69b5d44d77ecbc4de374ae08bfbc64 avia-iconlist-animate'>\n<li><div class='iconlist_icon av-7zho3v-719bcbc20efec6e5e3d9b159e06daa79 avia-font-entypo-fontello avia-iconfont avia-font-entypo-fontello'><span class='av-icon-char' data-av_icon='\ue842' data-av_iconfont='entypo-fontello' aria-hidden=\"true\"><\/span><\/div><article class=\"article-icon-entry \"  itemscope=\"itemscope\" itemtype=\"https:\/\/schema.org\/CreativeWork\" ><div class=\"iconlist_content_wrap\"><header class=\"entry-content-header\" aria-label=\"Icon: Object location\"><div class='av_iconlist_title iconlist_title_small  '  itemprop=\"headline\" >Object location<\/div><\/header><div class='iconlist_content '  itemprop=\"text\" ><p>Wolfsburg, Sauerbruchstra\u00dfe 13<\/p>\n<\/div><\/div><footer class=\"entry-footer\"><\/footer><\/article><div class=\"iconlist-timeline\"><\/div><\/li>\n<li><div class='iconlist_icon av-5w0c17-29fffc2568da5b8a982227a566181ad6 avia-font-entypo-fontello avia-iconfont avia-font-entypo-fontello'><span class='av-icon-char' data-av_icon='\ue859' data-av_iconfont='entypo-fontello' aria-hidden=\"true\"><\/span><\/div><article class=\"article-icon-entry \"  itemscope=\"itemscope\" itemtype=\"https:\/\/schema.org\/CreativeWork\" ><div class=\"iconlist_content_wrap\"><header class=\"entry-content-header\" aria-label=\"Icon: Description\"><div class='av_iconlist_title iconlist_title_small  '  itemprop=\"headline\" >Description<\/div><\/header><div class='iconlist_content '  itemprop=\"text\" ><p>Medical centre<\/p>\n<\/div><\/div><footer class=\"entry-footer\"><\/footer><\/article><div class=\"iconlist-timeline\"><\/div><\/li>\n<li><div class='iconlist_icon av-3h74bf-7a1b2b138d22d7816d822d9980634738 avia-font-entypo-fontello avia-iconfont avia-font-entypo-fontello'><span class='av-icon-char' data-av_icon='\ue84a' data-av_iconfont='entypo-fontello' aria-hidden=\"true\"><\/span><\/div><article class=\"article-icon-entry \"  itemscope=\"itemscope\" itemtype=\"https:\/\/schema.org\/CreativeWork\" ><div class=\"iconlist_content_wrap\"><header class=\"entry-content-header\" aria-label=\"Icon: Plot area\"><div class='av_iconlist_title iconlist_title_small  '  itemprop=\"headline\" >Plot area<\/div><\/header><div class='iconlist_content '  itemprop=\"text\" ><p>around 8.800 m\u00b2<\/p>\n<\/div><\/div><footer class=\"entry-footer\"><\/footer><\/article><div class=\"iconlist-timeline\"><\/div><\/li>\n<li><div class='iconlist_icon av-2z6r9n-4bc25434c381b1e4600e7031b3e48a8f avia-font-entypo-fontello avia-iconfont avia-font-entypo-fontello'><span class='av-icon-char' data-av_icon='\ue811' data-av_iconfont='entypo-fontello' aria-hidden=\"true\"><\/span><\/div><article class=\"article-icon-entry \"  itemscope=\"itemscope\" itemtype=\"https:\/\/schema.org\/CreativeWork\" ><div class=\"iconlist_content_wrap\"><header class=\"entry-content-header\" aria-label=\"Icon: Building area\"><div class='av_iconlist_title iconlist_title_small  '  itemprop=\"headline\" >Building area<\/div><\/header><div class='iconlist_content '  itemprop=\"text\" ><p>3.856 m\u00b2 and 46 parking bays<\/p>\n<\/div><\/div><footer class=\"entry-footer\"><\/footer><\/article><div class=\"iconlist-timeline\"><\/div><\/li>\n<\/ul><\/div><br \/>\n<section  class='av_textblock_section av-jj5pcrbz-fb71889beb99ab8be325213fd23598ed '   itemscope=\"itemscope\" itemtype=\"https:\/\/schema.org\/CreativeWork\" ><div class='avia_textblock'  itemprop=\"text\" ><p>The medical centre is located in the Sauerbruchstra\u00dfe and therefore in close proximity to the hospital Wolfsburg. The medical centre can be reached via the Hochring, R\u00f6ntgenstra\u00dfe, Braunschweigerstra\u00dfe to B93. By public transport, the centre can also be reached via Wolfsburg Sauerbruchstra\u00dfe. 46 parking bays are available and in addition to that, 96 parking bays from the Wolfsburg hospital can be used. Divided onto four levels one can find specialised practices, the nephrological centre, a rehab and therapy centre, short-term care and a pharmacy (18 occupier in total).<\/p>\n<\/div><\/section><\/p><\/div>\n\n<\/div><\/div><\/div><!-- close content main div --><\/div><\/div>\n<style type=\"text\/css\" data-created_by=\"avia_inline_auto\" id=\"style-css-av-jhbm8om1-590614ef37cb660e65b49e50daed081c\">\n.avia-section.av-jhbm8om1-590614ef37cb660e65b49e50daed081c{\nbackground-color:#add2ef;\nbackground-image:unset;\n}\n<\/style>\n<div id='kontakt-luebeck'  class='avia-section av-jhbm8om1-590614ef37cb660e65b49e50daed081c main_color avia-section-large avia-no-border-styling  avia-builder-el-8  el_after_av_section  avia-builder-el-last  avia-bg-style-scroll container_wrap fullsize'  ><div class='container av-section-cont-open' ><div class='template-page content  av-content-full alpha units'><div class='post-entry post-entry-type-page post-entry-4200'><div class='entry-content-wrapper clearfix'>\n\n<style type=\"text\/css\" data-created_by=\"avia_inline_auto\" id=\"style-css-av-131z47-7be904f39d02d974e38b25a22f4e7111\">\n.flex_column.av-131z47-7be904f39d02d974e38b25a22f4e7111{\nborder-radius:0px 0px 0px 0px;\npadding:0px 0px 0px 0px;\n}\n<\/style>\n<div  class='flex_column av-131z47-7be904f39d02d974e38b25a22f4e7111 av_three_fourth  avia-builder-el-9  el_before_av_one_fourth  avia-builder-el-first  first no_margin flex_column_div av-zero-column-padding  '     ><style type=\"text\/css\" data-created_by=\"avia_inline_auto\" id=\"style-css-av-7tiej-f96da0501a692e7a2f884b7639c1237f\">\n#top .av-special-heading.av-7tiej-f96da0501a692e7a2f884b7639c1237f{\npadding-bottom:10px;\ncolor:#007fc3;\n}\nbody .av-special-heading.av-7tiej-f96da0501a692e7a2f884b7639c1237f .av-special-heading-tag .heading-char{\nfont-size:25px;\n}\n.av-special-heading.av-7tiej-f96da0501a692e7a2f884b7639c1237f .special-heading-inner-border{\nborder-color:#007fc3;\n}\n.av-special-heading.av-7tiej-f96da0501a692e7a2f884b7639c1237f .av-subheading{\nfont-size:18px;\n}\n<\/style>\n<div  class='av-special-heading av-7tiej-f96da0501a692e7a2f884b7639c1237f av-special-heading-h3 custom-color-heading blockquote modern-quote  avia-builder-el-10  avia-builder-el-no-sibling '><h3 class='av-special-heading-tag '  itemprop=\"headline\"  >We care about your personal matter. Your projects are our passion. <\/h3><div class='av_custom_color av-subheading av-subheading_below'><p>Don\u2019t hesitate to contact us for a nonbinding request.<\/p>\n<\/div><div class=\"special-heading-border\"><div class=\"special-heading-inner-border\"><\/div><\/div><\/div><\/div>\n<style type=\"text\/css\" data-created_by=\"avia_inline_auto\" id=\"style-css-av-w841b-30956891df37d55afa74e2fddd2505b1\">\n.flex_column.av-w841b-30956891df37d55afa74e2fddd2505b1{\nborder-radius:0px 0px 0px 0px;\npadding:0px 0px 0px 0px;\n}\n<\/style>\n<div  class='flex_column av-w841b-30956891df37d55afa74e2fddd2505b1 av_one_fourth  avia-builder-el-11  el_after_av_three_fourth  avia-builder-el-last  no_margin flex_column_div av-zero-column-padding  '     ><div  class='avia-button-wrap av-jj49vui2-0a4c97bc8e7d1007dfc31b69057fe165-wrap avia-button-right  avia-builder-el-12  avia-builder-el-no-sibling '>\n<style type=\"text\/css\" data-created_by=\"avia_inline_auto\" id=\"style-css-av-jj49vui2-0a4c97bc8e7d1007dfc31b69057fe165\">\n#top #wrap_all .avia-button.av-jj49vui2-0a4c97bc8e7d1007dfc31b69057fe165{\nbackground-color:#ffffff;\nborder-color:#ffffff;\ncolor:#007ec0;\ntransition:all 0.4s ease-in-out;\n}\n#top #wrap_all .avia-button.av-jj49vui2-0a4c97bc8e7d1007dfc31b69057fe165 .avia-svg-icon svg:first-child{\nfill:#007ec0;\nstroke:#007ec0;\n}\n<\/style>\n<a href='https:\/\/www.rahlfs.eu\/en\/contact\/'  class='avia-button av-jj49vui2-0a4c97bc8e7d1007dfc31b69057fe165 av-link-btn avia-icon_select-no avia-size-large avia-position-right'   aria-label=\"Contact us\"><span class='avia_iconbox_title' >Contact us<\/span><\/a><\/div><\/div>\n","protected":false},"excerpt":{"rendered":"","protected":false},"author":1,"featured_media":0,"parent":0,"menu_order":0,"comment_status":"closed","ping_status":"closed","template":"","meta":{"footnotes":""},"class_list":["post-4200","page","type-page","status-publish","hentry"],"_links":{"self":[{"href":"https:\/\/www.rahlfs.eu\/en\/wp-json\/wp\/v2\/pages\/4200","targetHints":{"allow":["GET"]}}],"collection":[{"href":"https:\/\/www.rahlfs.eu\/en\/wp-json\/wp\/v2\/pages"}],"about":[{"href":"https:\/\/www.rahlfs.eu\/en\/wp-json\/wp\/v2\/types\/page"}],"author":[{"embeddable":true,"href":"https:\/\/www.rahlfs.eu\/en\/wp-json\/wp\/v2\/users\/1"}],"replies":[{"embeddable":true,"href":"https:\/\/www.rahlfs.eu\/en\/wp-json\/wp\/v2\/comments?post=4200"}],"version-history":[{"count":4,"href":"https:\/\/www.rahlfs.eu\/en\/wp-json\/wp\/v2\/pages\/4200\/revisions"}],"predecessor-version":[{"id":4209,"href":"https:\/\/www.rahlfs.eu\/en\/wp-json\/wp\/v2\/pages\/4200\/revisions\/4209"}],"wp:attachment":[{"href":"https:\/\/www.rahlfs.eu\/en\/wp-json\/wp\/v2\/media?parent=4200"}],"curies":[{"name":"wp","href":"https:\/\/api.w.org\/{rel}","templated":true}]}}